{"id":544,"date":"2026-03-17T11:19:48","date_gmt":"2026-03-17T11:19:48","guid":{"rendered":"https:\/\/gesundes-schulcatering.de\/?page_id=544"},"modified":"2026-03-17T12:44:29","modified_gmt":"2026-03-17T12:44:29","slug":"impressum","status":"publish","type":"page","link":"https:\/\/gesundes-schulcatering.de\/tr\/impressum\/","title":{"rendered":"Impressum"},"content":{"rendered":"<style>.elementor-544 .elementor-element.elementor-element-f35c260{--display:flex;--flex-direction:column;--container-widget-width:100%;--container-widget-height:initial;--container-widget-flex-grow:0;--container-widget-align-self:initial;--flex-wrap-mobile:wrap;--padding-top:50px;--padding-bottom:50px;--padding-left:50px;--padding-right:50px;}.elementor-544 .elementor-element.elementor-element-ba9ba91 p{margin-block-end:13px;}@media(max-width:767px){.elementor-544 .elementor-element.elementor-element-f35c260{--padding-top:50px;--padding-bottom:50px;--padding-left:15px;--padding-right:15px;}}@media(min-width:768px){.elementor-544 .elementor-element.elementor-element-f35c260{--content-width:1200px;}}<\/style>\t\t<div data-elementor-type=\"wp-page\" data-elementor-id=\"544\" class=\"elementor elementor-544\">\n\t\t\t\t<div class=\"has_eae_slider elementor-element elementor-element-f35c260 e-flex e-con-boxed e-con e-parent\" data-eae-slider=\"18401\" data-id=\"f35c260\" data-element_type=\"container\" data-e-type=\"container\">\n\t\t\t\t\t<div class=\"e-con-inner\">\n\t\t\t\t<div class=\"elementor-element elementor-element-ba9ba91 elementor-widget elementor-widget-text-editor\" data-id=\"ba9ba91\" data-element_type=\"widget\" data-e-type=\"widget\" data-widget_type=\"text-editor.default\">\n\t\t\t\t\t\t\t\t\t<h2>Impressum<\/h2><p>Angaben gem\u00e4\u00df \u00a7 5 TMG<\/p><p>Gesundes Schulcatering Birgit M\u00fcller<\/p><p>Carl-Benz-Stra\u00dfe 14<\/p><p>64711 Erbach<\/p><p>Vertreten durch: Birgit M\u00fcller<\/p><p>Kontakt: Telefon: 0160 8489248 oder 06062 9557076<\/p><p>E-Mail: birgit-mueller-buero@outlook.de<\/p><p>Umsatzsteuer-ID: Umsatzsteuer-Identifikationsnummer gem\u00e4\u00df \u00a7 27 a Umsatzsteuergesetz:<\/p><p>DE292860817<\/p><p>Aufsichtsbeh\u00f6rde: Gewerbeamt Michelstadt<\/p><p>Redaktionell verantwortlich: Birgit M\u00fcller<\/p><p>Carl-Benz-Stra\u00dfe 14<\/p><p>64711 Erbach<\/p>\t\t\t\t\t\t\t\t<\/div>\n\t\t\t\t\t<\/div>\n\t\t\t\t<\/div>\n\t\t\t\t<\/div>","protected":false},"excerpt":{"rendered":"<p>Impressum Angaben gem\u00e4\u00df \u00a7 5 TMG Gesundes Schulcatering Birgit M\u00fcller Carl-Benz-Stra\u00dfe 14 64711 Erbach Vertreten durch: Birgit M\u00fcller Kontakt: Telefon: 0160 8489248 oder 06062 9557076 E-Mail: birgit-mueller-buero@outlook.de Umsatzsteuer-ID: Umsatzsteuer-Identifikationsnummer gem\u00e4\u00df \u00a7 27 a Umsatzsteuergesetz: DE292860817 Aufsichtsbeh\u00f6rde: Gewerbeamt Michelstadt Redaktionell verantwortlich: Birgit M\u00fcller Carl-Benz-Stra\u00dfe 14 64711 Erbach<\/p>","protected":false},"author":1,"featured_media":0,"parent":0,"menu_order":0,"comment_status":"closed","ping_status":"closed","template":"elementor_header_footer","meta":{"footnotes":""},"class_list":["post-544","page","type-page","status-publish","hentry"],"_links":{"self":[{"href":"https:\/\/gesundes-schulcatering.de\/tr\/wp-json\/wp\/v2\/pages\/544","targetHints":{"allow":["GET"]}}],"collection":[{"href":"https:\/\/gesundes-schulcatering.de\/tr\/wp-json\/wp\/v2\/pages"}],"about":[{"href":"https:\/\/gesundes-schulcatering.de\/tr\/wp-json\/wp\/v2\/types\/page"}],"author":[{"embeddable":true,"href":"https:\/\/gesundes-schulcatering.de\/tr\/wp-json\/wp\/v2\/users\/1"}],"replies":[{"embeddable":true,"href":"https:\/\/gesundes-schulcatering.de\/tr\/wp-json\/wp\/v2\/comments?post=544"}],"version-history":[{"count":13,"href":"https:\/\/gesundes-schulcatering.de\/tr\/wp-json\/wp\/v2\/pages\/544\/revisions"}],"predecessor-version":[{"id":571,"href":"https:\/\/gesundes-schulcatering.de\/tr\/wp-json\/wp\/v2\/pages\/544\/revisions\/571"}],"wp:attachment":[{"href":"https:\/\/gesundes-schulcatering.de\/tr\/wp-json\/wp\/v2\/media?parent=544"}],"curies":[{"name":"wp","href":"https:\/\/api.w.org\/{rel}","templated":true}]}}