{"id":322,"date":"2026-02-12T11:50:16","date_gmt":"2026-02-12T11:50:16","guid":{"rendered":"https:\/\/testing-6.cashier.lk\/?page_id=322"},"modified":"2026-02-12T12:40:25","modified_gmt":"2026-02-12T12:40:25","slug":"dokumente","status":"publish","type":"page","link":"https:\/\/gesundes-schulcatering.de\/en\/dokumente\/","title":{"rendered":"Dokumente"},"content":{"rendered":"<style>.elementor-322 .elementor-element.elementor-element-7067fcb{--display:flex;--gap:0px 0px;--row-gap:0px;--column-gap:0px;--padding-top:50px;--padding-bottom:50px;--padding-left:0px;--padding-right:0px;}.elementor-322 .elementor-element.elementor-element-7ed6641{--display:flex;--gap:0px 0px;--row-gap:0px;--column-gap:0px;--padding-top:0%;--padding-bottom:0%;--padding-left:4%;--padding-right:4%;}.elementor-322 .elementor-element.elementor-element-4355459{--display:flex;--padding-top:15px;--padding-bottom:15px;--padding-left:15px;--padding-right:15px;}.elementor-322 .elementor-element.elementor-element-86e6478{text-align:center;margin:0px 0px calc(var(--kit-widget-spacing, 0px) + 20px) 0px;width:var( --container-widget-width, 100% );max-width:100%;--container-widget-width:100%;--container-widget-flex-grow:0;}.elementor-322 .elementor-element.elementor-element-86e6478 .elementor-heading-title{font-family:\"Palanquin Dark\", Sans-serif;font-size:36px;font-weight:500;text-transform:capitalize;line-height:1.4em;letter-spacing:0px;color:var( --e-global-color-a434f6c );}.elementor-322 .elementor-element.elementor-element-7529f9b{text-align:start;margin:0px 0px calc(var(--kit-widget-spacing, 0px) + 0px) 0px;width:var( --container-widget-width, 100% );max-width:100%;--container-widget-width:100%;--container-widget-flex-grow:0;}.elementor-322 .elementor-element.elementor-element-7529f9b .elementor-heading-title{font-family:\"Palanquin Dark\", Sans-serif;font-size:20px;font-weight:500;text-transform:capitalize;line-height:1.4em;letter-spacing:0px;color:var( --e-global-color-a434f6c );}.elementor-322 .elementor-element.elementor-element-ef477ce{text-align:justify;font-family:var( --e-global-typography-text-font-family ), Sans-serif;font-size:var( --e-global-typography-text-font-size );font-weight:var( --e-global-typography-text-font-weight );line-height:var( --e-global-typography-text-line-height );letter-spacing:var( --e-global-typography-text-letter-spacing );color:var( --e-global-color-text );width:100%;max-width:100%;}.elementor-322 .elementor-element.elementor-element-ea34aa9 .elementor-button-content-wrapper{flex-direction:row-reverse;}.elementor-322 .elementor-element.elementor-element-ea34aa9 .elementor-button .elementor-button-content-wrapper{gap:15px;}.elementor-322 .elementor-element.elementor-element-ea34aa9 .elementor-button{font-family:\"Poppins\", Sans-serif;font-size:16px;font-weight:600;text-decoration:none;line-height:1.4em;letter-spacing:0px;fill:var( --e-global-color-e3266ed );color:var( --e-global-color-e3266ed );background-color:var( --e-global-color-a434f6c );border-radius:5px 5px 5px 5px;padding:14px 30px 14px 30px;}.elementor-322 .elementor-element.elementor-element-ea34aa9 .elementor-button:hover, .elementor-322 .elementor-element.elementor-element-ea34aa9 .elementor-button:focus{color:var( --e-global-color-primary );background-color:var( --e-global-color-a434f6c );}.elementor-322 .elementor-element.elementor-element-ea34aa9 .elementor-button:hover svg, .elementor-322 .elementor-element.elementor-element-ea34aa9 .elementor-button:focus svg{fill:var( --e-global-color-primary );}.elementor-322 .elementor-element.elementor-element-ea34aa9 .elementor-button .elementor-button-icon i, .elementor-322 .elementor-element.elementor-element-ea34aa9 .elementor-button .elementor-button-icon svg{transform:rotate(0deg);}.elementor-322 .elementor-element.elementor-element-ea34aa9{margin:0px 0px calc(var(--kit-widget-spacing, 0px) + 20px) 0px;}.elementor-322 .elementor-element.elementor-element-e99c1b2{text-align:start;margin:0px 0px calc(var(--kit-widget-spacing, 0px) + 0px) 0px;width:var( --container-widget-width, 100% );max-width:100%;--container-widget-width:100%;--container-widget-flex-grow:0;}.elementor-322 .elementor-element.elementor-element-e99c1b2 .elementor-heading-title{font-family:\"Palanquin Dark\", Sans-serif;font-size:20px;font-weight:500;text-transform:capitalize;line-height:1.4em;letter-spacing:0px;color:var( --e-global-color-a434f6c );}.elementor-322 .elementor-element.elementor-element-ef607cc{text-align:justify;font-family:var( --e-global-typography-text-font-family ), Sans-serif;font-size:var( --e-global-typography-text-font-size );font-weight:var( --e-global-typography-text-font-weight );line-height:var( --e-global-typography-text-line-height );letter-spacing:var( --e-global-typography-text-letter-spacing );color:var( --e-global-color-text );margin:0px 0px calc(var(--kit-widget-spacing, 0px) + 0px) 0px;padding:0px 0px 0px 0px;width:100%;max-width:100%;}.elementor-322 .elementor-element.elementor-element-42ab783 .elementor-button-content-wrapper{flex-direction:row-reverse;}.elementor-322 .elementor-element.elementor-element-42ab783 .elementor-button .elementor-button-content-wrapper{gap:15px;}.elementor-322 .elementor-element.elementor-element-42ab783 .elementor-button{font-family:\"Poppins\", Sans-serif;font-size:16px;font-weight:600;text-decoration:none;line-height:1.4em;letter-spacing:0px;fill:var( --e-global-color-e3266ed );color:var( --e-global-color-e3266ed );background-color:var( --e-global-color-a434f6c );border-radius:5px 5px 5px 5px;padding:14px 30px 14px 30px;}.elementor-322 .elementor-element.elementor-element-42ab783 .elementor-button:hover, .elementor-322 .elementor-element.elementor-element-42ab783 .elementor-button:focus{color:var( --e-global-color-primary );background-color:var( --e-global-color-a434f6c );}.elementor-322 .elementor-element.elementor-element-42ab783 .elementor-button:hover svg, .elementor-322 .elementor-element.elementor-element-42ab783 .elementor-button:focus svg{fill:var( --e-global-color-primary );}.elementor-322 .elementor-element.elementor-element-42ab783 .elementor-button .elementor-button-icon i, .elementor-322 .elementor-element.elementor-element-42ab783 .elementor-button .elementor-button-icon svg{transform:rotate(0deg);}.elementor-322 .elementor-element.elementor-element-42ab783{margin:0px 0px calc(var(--kit-widget-spacing, 0px) + 20px) 0px;}.elementor-322 .elementor-element.elementor-element-eeb6ccd{text-align:justify;font-family:var( --e-global-typography-text-font-family ), Sans-serif;font-size:var( --e-global-typography-text-font-size );font-weight:var( --e-global-typography-text-font-weight );line-height:var( --e-global-typography-text-line-height );letter-spacing:var( --e-global-typography-text-letter-spacing );color:var( --e-global-color-text );margin:0px 0px calc(var(--kit-widget-spacing, 0px) + 0px) 0px;padding:0px 0px 0px 0px;width:100%;max-width:100%;}.elementor-322 .elementor-element.elementor-element-2a87271 img{width:100%;}:root{--page-title-display:none;}@media(max-width:1024px){.elementor-322 .elementor-element.elementor-element-7ed6641{--padding-top:0%;--padding-bottom:0%;--padding-left:0%;--padding-right:0%;}.elementor-322 .elementor-element.elementor-element-ef477ce{font-size:var( --e-global-typography-text-font-size );line-height:var( --e-global-typography-text-line-height );letter-spacing:var( --e-global-typography-text-letter-spacing );}.elementor-322 .elementor-element.elementor-element-ef607cc{font-size:var( --e-global-typography-text-font-size );line-height:var( --e-global-typography-text-line-height );letter-spacing:var( --e-global-typography-text-letter-spacing );}.elementor-322 .elementor-element.elementor-element-eeb6ccd{font-size:var( --e-global-typography-text-font-size );line-height:var( --e-global-typography-text-line-height );letter-spacing:var( --e-global-typography-text-letter-spacing );}}@media(max-width:767px){.elementor-322 .elementor-element.elementor-element-7067fcb{--padding-top:50px;--padding-bottom:50px;--padding-left:15px;--padding-right:15px;}.elementor-322 .elementor-element.elementor-element-7ed6641{--padding-top:0%;--padding-bottom:0%;--padding-left:0%;--padding-right:0%;}.elementor-322 .elementor-element.elementor-element-4355459{--margin-top:0px;--margin-bottom:0px;--margin-left:0px;--margin-right:0px;--padding-top:0px;--padding-bottom:0px;--padding-left:0px;--padding-right:0px;}.elementor-322 .elementor-element.elementor-element-86e6478 .elementor-heading-title{font-size:35px;line-height:1.1em;}.elementor-322 .elementor-element.elementor-element-86e6478{margin:0px 0px calc(var(--kit-widget-spacing, 0px) + 10px) 0px;width:100%;max-width:100%;}.elementor-322 .elementor-element.elementor-element-7529f9b .elementor-heading-title{font-size:18px;line-height:1.1em;}.elementor-322 .elementor-element.elementor-element-7529f9b{margin:0px 0px calc(var(--kit-widget-spacing, 0px) + 10px) 0px;width:100%;max-width:100%;}.elementor-322 .elementor-element.elementor-element-ef477ce{font-size:var( --e-global-typography-text-font-size );line-height:var( --e-global-typography-text-line-height );letter-spacing:var( --e-global-typography-text-letter-spacing );margin:0px 0px calc(var(--kit-widget-spacing, 0px) + 0px) 0px;padding:0px 0px 0px 0px;}.elementor-322 .elementor-element.elementor-element-ea34aa9{margin:0px 0px calc(var(--kit-widget-spacing, 0px) + 20px) 0px;width:100%;max-width:100%;}.elementor-322 .elementor-element.elementor-element-e99c1b2 .elementor-heading-title{font-size:18px;line-height:1.1em;}.elementor-322 .elementor-element.elementor-element-e99c1b2{margin:0px 0px calc(var(--kit-widget-spacing, 0px) + 10px) 0px;width:100%;max-width:100%;}.elementor-322 .elementor-element.elementor-element-ef607cc{font-size:var( --e-global-typography-text-font-size );line-height:var( --e-global-typography-text-line-height );letter-spacing:var( --e-global-typography-text-letter-spacing );margin:0px 0px calc(var(--kit-widget-spacing, 0px) + 0px) 0px;padding:0px 0px 0px 0px;}.elementor-322 .elementor-element.elementor-element-42ab783{margin:0px 0px calc(var(--kit-widget-spacing, 0px) + 20px) 0px;width:100%;max-width:100%;}.elementor-322 .elementor-element.elementor-element-eeb6ccd{font-size:var( --e-global-typography-text-font-size );line-height:var( --e-global-typography-text-line-height );letter-spacing:var( --e-global-typography-text-letter-spacing );margin:0px 0px calc(var(--kit-widget-spacing, 0px) + 0px) 0px;padding:0px 0px 0px 0px;}}<\/style>\t\t<div data-elementor-type=\"wp-page\" data-elementor-id=\"322\" class=\"elementor elementor-322\">\n\t\t\t\t<div class=\"has_eae_slider elementor-element elementor-element-7067fcb e-flex e-con-boxed e-con e-parent\" data-eae-slider=\"80104\" data-id=\"7067fcb\" data-element_type=\"container\" data-e-type=\"container\" id=\"dokumente\">\n\t\t\t\t\t<div class=\"e-con-inner\">\n\t\t<div class=\"has_eae_slider elementor-element elementor-element-7ed6641 e-con-full e-flex e-con e-child\" data-eae-slider=\"1070\" data-id=\"7ed6641\" data-element_type=\"container\" data-e-type=\"container\" data-settings=\"{&quot;animation_mobile&quot;:&quot;none&quot;}\">\n\t\t<div class=\"has_eae_slider elementor-element elementor-element-4355459 e-con-full e-flex e-con e-child\" data-eae-slider=\"78378\" data-id=\"4355459\" data-element_type=\"container\" data-e-type=\"container\">\n\t\t\t\t<div class=\"elementor-element elementor-element-86e6478 elementor-widget__width-initial elementor-widget-mobile__width-inherit elementor-widget elementor-widget-heading\" data-id=\"86e6478\" data-element_type=\"widget\" data-e-type=\"widget\" data-widget_type=\"heading.default\">\n\t\t\t\t\t<h2 class=\"elementor-heading-title elementor-size-default\">Dokumente zum Herunterladen<\/h2>\t\t\t\t<\/div>\n\t\t\t\t<div class=\"elementor-element elementor-element-7529f9b elementor-widget__width-initial elementor-widget-mobile__width-inherit elementor-widget elementor-widget-heading\" data-id=\"7529f9b\" data-element_type=\"widget\" data-e-type=\"widget\" data-widget_type=\"heading.default\">\n\t\t\t\t\t<h2 class=\"elementor-heading-title elementor-size-default\">Antrag f\u00fcr das Mittagessen f\u00fcr Empf\u00e4nger von Wohngeld und\/oder\nKindergeldzuschlag:\n<\/h2>\t\t\t\t<\/div>\n\t\t\t\t<div class=\"elementor-element elementor-element-ef477ce elementor-widget__width-inherit elementor-widget elementor-widget-text-editor\" data-id=\"ef477ce\" data-element_type=\"widget\" data-e-type=\"widget\" data-widget_type=\"text-editor.default\">\n\t\t\t\t\t\t\t\t\t<p>Antrag auf Gew\u00e4hrung von Leistungen f\u00fcr Bildung und Teilhabe f\u00fcr die Empf\u00e4nger von Wohngeld und\/oder Kinderzuschlag:<\/p>\t\t\t\t\t\t\t\t<\/div>\n\t\t\t\t<div class=\"elementor-element elementor-element-ea34aa9 elementor-mobile-align-justify elementor-widget-mobile__width-inherit elementor-align-left elementor-invisible elementor-widget elementor-widget-button\" data-id=\"ea34aa9\" data-element_type=\"widget\" data-e-type=\"widget\" data-settings=\"{&quot;_animation&quot;:&quot;fadeInUp&quot;}\" data-widget_type=\"button.default\">\n\t\t\t\t\t\t\t\t\t\t<a class=\"elementor-button elementor-button-link elementor-size-sm\" href=\"\/wp-content\/uploads\/2026\/02\/Antrag-BuT.pdf\">\n\t\t\t\t\t\t<span class=\"elementor-button-content-wrapper\">\n\t\t\t\t\t\t<span class=\"elementor-button-icon\">\n\t\t\t\t<i aria-hidden=\"true\" class=\"jki jki-download-line\"><\/i>\t\t\t<\/span>\n\t\t\t\t\t\t\t\t\t<span class=\"elementor-button-text\">Anwendung herunterladen<\/span>\n\t\t\t\t\t<\/span>\n\t\t\t\t\t<\/a>\n\t\t\t\t\t\t\t\t<\/div>\n\t\t\t\t<div class=\"elementor-element elementor-element-e99c1b2 elementor-widget__width-initial elementor-widget-mobile__width-inherit elementor-widget elementor-widget-heading\" data-id=\"e99c1b2\" data-element_type=\"widget\" data-e-type=\"widget\" data-widget_type=\"heading.default\">\n\t\t\t\t\t<h2 class=\"elementor-heading-title elementor-size-default\">Antrag f\u00fcr das Mittagessen f\u00fcr Arbeitssuchende nach (SGB II):<\/h2>\t\t\t\t<\/div>\n\t\t\t\t<div class=\"elementor-element elementor-element-ef607cc elementor-widget__width-inherit elementor-widget elementor-widget-text-editor\" data-id=\"ef607cc\" data-element_type=\"widget\" data-e-type=\"widget\" data-widget_type=\"text-editor.default\">\n\t\t\t\t\t\t\t\t\t<p>Antrag\/Anmeldung der Inanspruchnahme von Leistungen f\u00fcr Bildung und Teilhabe<\/p>\t\t\t\t\t\t\t\t<\/div>\n\t\t\t\t<div class=\"elementor-element elementor-element-42ab783 elementor-mobile-align-justify elementor-widget-mobile__width-inherit elementor-align-left elementor-invisible elementor-widget elementor-widget-button\" data-id=\"42ab783\" data-element_type=\"widget\" data-e-type=\"widget\" data-settings=\"{&quot;_animation&quot;:&quot;fadeInUp&quot;}\" data-widget_type=\"button.default\">\n\t\t\t\t\t\t\t\t\t\t<a class=\"elementor-button elementor-button-link elementor-size-sm\" href=\"\/wp-content\/uploads\/2026\/02\/Antrag_Bedarfsanmeldung-Mittagessen-BuT-NEU-3.pdf\">\n\t\t\t\t\t\t<span class=\"elementor-button-content-wrapper\">\n\t\t\t\t\t\t<span class=\"elementor-button-icon\">\n\t\t\t\t<i aria-hidden=\"true\" class=\"jki jki-download-line\"><\/i>\t\t\t<\/span>\n\t\t\t\t\t\t\t\t\t<span class=\"elementor-button-text\">Anwendung herunterladen<\/span>\n\t\t\t\t\t<\/span>\n\t\t\t\t\t<\/a>\n\t\t\t\t\t\t\t\t<\/div>\n\t\t\t\t<div class=\"elementor-element elementor-element-eeb6ccd elementor-widget__width-inherit elementor-widget elementor-widget-text-editor\" data-id=\"eeb6ccd\" data-element_type=\"widget\" data-e-type=\"widget\" data-widget_type=\"text-editor.default\">\n\t\t\t\t\t\t\t\t\t<p>(Achtung: Bitte laden Sie das f\u00fcr sich entsprechende Formular herunter, falls Sie keine Selbstzahler sind. Achten Sie darauf, das Dokument vollst\u00e4ndig auszuf\u00fcllen und Ihren Bescheid f\u00fcr die Berechtigung mit dem jeweiligen Antrag im Formular hochzuladen).<\/p><p>Ohne vollst\u00e4ndig ausgef\u00fclltes Formular und ohne Bescheid \u00fcber Berechtigung, k\u00f6nnen wir Ihren Antrag auf Mittagessen, Ihres Kindes nicht weiterreichen.<\/p><p>Falls Sie diese Informationen zum jetzigen Zeitpunkt nicht vollumf\u00e4nglich haben, besteht die M\u00f6glichkeit vorab als Selbstzahler zu agieren und nach Best\u00e4tigung nach SGB oder WoGG, wir Ihr Sepa Mandat stornieren und die Bildung und Teilhabe die Kosten f\u00fcr Verpflegung \u00fcbernimmt.<\/p><p>Bei weiteren Fragen zu dem Verfahren, z\u00f6gern Sie uns nicht per E-Mail, ggfs. per Telefon zu kontaktieren. Wir stehen Ihnen zur Verf\u00fcgung.<\/p><p>Erkl\u00e4rung unseres Abo Modells gem\u00e4\u00df dieser Grafik:<\/p>\t\t\t\t\t\t\t\t<\/div>\n\t\t\t\t<div class=\"elementor-element elementor-element-2a87271 elementor-widget elementor-widget-image\" data-id=\"2a87271\" data-element_type=\"widget\" data-e-type=\"widget\" data-widget_type=\"image.default\">\n\t\t\t\t\t\t\t\t\t\t\t\t\t\t\t<img fetchpriority=\"high\" decoding=\"async\" width=\"2460\" height=\"1411\" src=\"https:\/\/gesundes-schulcatering.de\/wp-content\/uploads\/2026\/02\/abo_modell_but_selbstzahler_pages-to-jpg-0001.jpg\" class=\"attachment-full size-full wp-image-331\" alt=\"\" srcset=\"https:\/\/gesundes-schulcatering.de\/wp-content\/uploads\/2026\/02\/abo_modell_but_selbstzahler_pages-to-jpg-0001.jpg 2460w, https:\/\/gesundes-schulcatering.de\/wp-content\/uploads\/2026\/02\/abo_modell_but_selbstzahler_pages-to-jpg-0001-300x172.jpg 300w, https:\/\/gesundes-schulcatering.de\/wp-content\/uploads\/2026\/02\/abo_modell_but_selbstzahler_pages-to-jpg-0001-1024x587.jpg 1024w, https:\/\/gesundes-schulcatering.de\/wp-content\/uploads\/2026\/02\/abo_modell_but_selbstzahler_pages-to-jpg-0001-768x441.jpg 768w, https:\/\/gesundes-schulcatering.de\/wp-content\/uploads\/2026\/02\/abo_modell_but_selbstzahler_pages-to-jpg-0001-1536x881.jpg 1536w, https:\/\/gesundes-schulcatering.de\/wp-content\/uploads\/2026\/02\/abo_modell_but_selbstzahler_pages-to-jpg-0001-2048x1175.jpg 2048w\" sizes=\"(max-width: 2460px) 100vw, 2460px\" \/>\t\t\t\t\t\t\t\t\t\t\t\t\t\t\t<\/div>\n\t\t\t\t<\/div>\n\t\t\t\t<\/div>\n\t\t\t\t\t<\/div>\n\t\t\t\t<\/div>\n\t\t\t\t<\/div>","protected":false},"excerpt":{"rendered":"<p>Dokumente zum Herunterladen Antrag f\u00fcr das Mittagessen f\u00fcr Empf\u00e4nger von Wohngeld und\/oder Kindergeldzuschlag: Antrag auf Gew\u00e4hrung von Leistungen f\u00fcr Bildung und Teilhabe f\u00fcr die Empf\u00e4nger von Wohngeld und\/oder Kinderzuschlag: Anwendung herunterladen Antrag f\u00fcr das Mittagessen f\u00fcr Arbeitssuchende nach (SGB II): Antrag\/Anmeldung der Inanspruchnahme von Leistungen f\u00fcr Bildung und Teilhabe Anwendung herunterladen (Achtung: Bitte laden Sie [&hellip;]<\/p>\n","protected":false},"author":1,"featured_media":0,"parent":0,"menu_order":0,"comment_status":"closed","ping_status":"closed","template":"","meta":{"footnotes":""},"class_list":["post-322","page","type-page","status-publish","hentry"],"_links":{"self":[{"href":"https:\/\/gesundes-schulcatering.de\/en\/wp-json\/wp\/v2\/pages\/322","targetHints":{"allow":["GET"]}}],"collection":[{"href":"https:\/\/gesundes-schulcatering.de\/en\/wp-json\/wp\/v2\/pages"}],"about":[{"href":"https:\/\/gesundes-schulcatering.de\/en\/wp-json\/wp\/v2\/types\/page"}],"author":[{"embeddable":true,"href":"https:\/\/gesundes-schulcatering.de\/en\/wp-json\/wp\/v2\/users\/1"}],"replies":[{"embeddable":true,"href":"https:\/\/gesundes-schulcatering.de\/en\/wp-json\/wp\/v2\/comments?post=322"}],"version-history":[{"count":10,"href":"https:\/\/gesundes-schulcatering.de\/en\/wp-json\/wp\/v2\/pages\/322\/revisions"}],"predecessor-version":[{"id":343,"href":"https:\/\/gesundes-schulcatering.de\/en\/wp-json\/wp\/v2\/pages\/322\/revisions\/343"}],"wp:attachment":[{"href":"https:\/\/gesundes-schulcatering.de\/en\/wp-json\/wp\/v2\/media?parent=322"}],"curies":[{"name":"wp","href":"https:\/\/api.w.org\/{rel}","templated":true}]}}